{"id":12,"date":"2015-06-07T14:39:48","date_gmt":"2015-06-07T12:39:48","guid":{"rendered":"http:\/\/www.nailboxx.at\/?page_id=12"},"modified":"2019-10-13T12:01:52","modified_gmt":"2019-10-13T10:01:52","slug":"nails","status":"publish","type":"page","link":"https:\/\/www.nailboxx.at\/?page_id=12","title":{"rendered":"Nails"},"content":{"rendered":"<h6>H\u00e4nde und N\u00e4gel im Blickpunkt<\/h6>\n<h6>Sch\u00f6ne N\u00e4gel\u00a0 machen Freude und geben ein sicheres Gef\u00fchl<br \/>\nEntdecken Sie sch\u00f6ne N\u00e4gel einfach f\u00fcr sich selbst oder vielleicht zueinem bevorstehenden Anlass.<br \/>\nEinfach, schnell und unkompliziert.<\/h6>\n<p>&nbsp;<\/p>\n<h6>Nagelbeissern\u00e4gel k\u00f6nnen Vergangenheit sein, entscheiden sie sich f\u00fcr einen gepflegten ersten Eindruck!<br \/>\nOb nat\u00fcrlicher Look, oder auch mal etwas ausgefallenes, der Fantasie sind keine Grenzen gesetzt und wir entscheiden gemeinsam, was ihren Typ am besten unterstreicht!!<\/h6>\n<p>&nbsp;<\/p>\n<h6>Die Verwendung hochwertigster Produkte\u00a0 stehen bei mir f\u00fcr h\u00f6chste Qualit\u00e4t und geben Ihnen das Vertrauen, das Sie erwarten.<br \/>\nIch arbeite in ausschlie\u00dflich mit Gel und Acryl Modellage der Firma ABC Nailstore, die die Nat\u00fcrlichkeit Ihrer N\u00e4gel unterst\u00fctzt.<\/h6>\n<p>&nbsp;<\/p>\n<h6>Nat\u00fcrlich biete ich Ihnen auch den Klassiker der Manik\u00fcre, die French Manik\u00fcre in 2 Varianten an. Als American Style mit gerader Linie oder als Smileline, mit einem &#8222;L\u00e4cheln&#8220; auf dem Nagel.<br \/>\nDas Ganze in\u00a0 verschiedenen Farbt\u00f6nen, passend zu den verschiedensten Anl\u00e4ssen.<\/h6>\n<p>&nbsp;<\/p>\n<p>&nbsp;<\/p>\n","protected":false},"excerpt":{"rendered":"<p>H\u00e4nde und N\u00e4gel im Blickpunkt Sch\u00f6ne N\u00e4gel\u00a0 machen Freude und geben ein sicheres Gef\u00fchl Entdecken Sie sch\u00f6ne N\u00e4gel einfach f\u00fcr sich selbst oder vielleicht zueinem bevorstehenden Anlass. Einfach, schnell und unkompliziert. &nbsp; Nagelbeissern\u00e4gel k\u00f6nnen Vergangenheit sein, entscheiden sie sich f\u00fcr einen gepflegten ersten Eindruck! Ob nat\u00fcrlicher Look, oder auch mal etwas ausgefallenes, der Fantasie sind [&hellip;]<\/p>\n","protected":false},"author":1,"featured_media":0,"parent":0,"menu_order":1,"comment_status":"closed","ping_status":"closed","template":"","meta":{"jetpack_post_was_ever_published":false,"footnotes":""},"class_list":["post-12","page","type-page","status-publish","hentry"],"jetpack_sharing_enabled":true,"jetpack_shortlink":"https:\/\/wp.me\/P6jblu-c","_links":{"self":[{"href":"https:\/\/www.nailboxx.at\/index.php?rest_route=\/wp\/v2\/pages\/12","targetHints":{"allow":["GET"]}}],"collection":[{"href":"https:\/\/www.nailboxx.at\/index.php?rest_route=\/wp\/v2\/pages"}],"about":[{"href":"https:\/\/www.nailboxx.at\/index.php?rest_route=\/wp\/v2\/types\/page"}],"author":[{"embeddable":true,"href":"https:\/\/www.nailboxx.at\/index.php?rest_route=\/wp\/v2\/users\/1"}],"replies":[{"embeddable":true,"href":"https:\/\/www.nailboxx.at\/index.php?rest_route=%2Fwp%2Fv2%2Fcomments&post=12"}],"version-history":[{"count":6,"href":"https:\/\/www.nailboxx.at\/index.php?rest_route=\/wp\/v2\/pages\/12\/revisions"}],"predecessor-version":[{"id":22,"href":"https:\/\/www.nailboxx.at\/index.php?rest_route=\/wp\/v2\/pages\/12\/revisions\/22"}],"wp:attachment":[{"href":"https:\/\/www.nailboxx.at\/index.php?rest_route=%2Fwp%2Fv2%2Fmedia&parent=12"}],"curies":[{"name":"wp","href":"https:\/\/api.w.org\/{rel}","templated":true}]}}