{"id":28,"date":"2015-06-07T16:54:22","date_gmt":"2015-06-07T14:54:22","guid":{"rendered":"http:\/\/www.nailboxx.at\/?page_id=28"},"modified":"2023-05-05T11:41:33","modified_gmt":"2023-05-05T09:41:33","slug":"impressum","status":"publish","type":"page","link":"https:\/\/www.nailboxx.at\/?page_id=28","title":{"rendered":"AGB"},"content":{"rendered":"<p style=\"text-align: center;\"><strong><u>Allgemeine Gesch\u00e4ftsbedingungen<\/u><\/strong><\/p>\n<p style=\"text-align: center;\">\u00a0Nailboxx Nail &amp; Lashes Studio<\/p>\n<p style=\"text-align: center;\"><strong>Martina M\u00fchlb\u00f6ck<br \/>\n<\/strong><\/p>\n<p style=\"text-align: center;\">Lebenaustra\u00dfe 2<br \/>\n5020 Salzburg<\/p>\n<p style=\"text-align: center;\">Tel: 0664 4027579<br \/>\nMail: office@nailboxx.at<br \/>\nwww.nailboxx.at<\/p>\n<p>&nbsp;<\/p>\n<p>&nbsp;<\/p>\n<p>&nbsp;<\/p>\n<p>&nbsp;<\/p>\n<p>&nbsp;<\/p>\n<p><u>1.Allgemeines <\/u> Diese Bedingungen betreffen alle Transaktionen, Vertr\u00e4ge und Angebote, wie die Dienstleistungen und den Verkauf von Produkten, die zwischen Nailboxx und dem Kunden zustande kommen bzw. geschlossen werden. Ausnahmen von Transaktionen, die nicht unter die allgemeinen Gesch\u00e4ftsbedingungen fallen, bed\u00fcrfen der Mitteilung in schriftlicher Form.<br \/>\n<u>2. Dienstleistung<\/u> Nalboxx f\u00fchrt seine Dienstleistung nach bestem Wissen und Gewissen und nach dem neuesten Standard der Industrie am Kunden aus. Sollten \u00c4nderungen der Standards auftreten, wird der Nailboxx dem Kunden noch vor Beginn der Leistung davon in Kenntnis setzen.<br \/>\n<u>3. Terminvereinbarung <\/u> Termine werden vom Studio verbindlich vergeben. Sollte eine Absage bzw. ein Verschieben eines best\u00e4tigten Termins vonn\u00f6ten sein, sollte der Kunde dies rechtzeitig und sobald als m\u00f6glich, mindestens 3 Werktage vor dem Termin, mitteilen. Sollte der Termin nicht rechtzeitig oder gar nicht abgesagt werde, hat der Nailboxx das Recht, den Verdienstausfall dem Kunden in Rechnung zu stellen.<br \/>\n<u>4. Preise <\/u> Die Preise f\u00fcr Dienstleistungen und Produkte sind im Studio zu ver\u00f6ffentlichen. Die ausgewiesenen Preise m\u00fcssen die gesetzliche Mehrwertsteuer enthalten. Preiserh\u00f6hungen m\u00fcssen mindestens 30 Tage \u00a0vor Inkrafttreten bekannt gegeben werden. Angebote sind nur in dem ver\u00f6ffentlichen Zeitraum g\u00fcltig und gelten solange der Vorrat reicht. Der Kunde muss direkt am Anschluss der Behandlung, bzw. direkt beim Kauf f\u00fcr den Service, bzw. das Produkt bezahlen. Eine Teilzahlungsvereinbarung ist nicht m\u00f6glich. VereinbarteTermine m\u00fcssen mindestens 24 Stunden vorher Abgesagt werden, da sonst eine Termin \u00a0Ausfallsgeb\u00fchr von 20 \u20ac f\u00e4llig wird.<br \/>\n<u>5. Personal <\/u> Jede Dienstleistung kann von einem im Studio angestellten und nach Ermessen der Gesch\u00e4ftsleitung eingesetzten Nail Designer durchgef\u00fchrt werden. Der Kunde darf bis zu einem Jahr nach Erhalt der Dienstleistung \u00a0im Studio die gleiche Dienstleistung nicht von der im Studio angestellten Nail Designerin au\u00dferhalb der Gesch\u00e4ftsaktivit\u00e4ten des Studios in Anspruch nehmen, au\u00dfer der Nail Designer, bzw. der Kunde erh\u00e4lt eine schriftliche Zustimmung der Gesch\u00e4ftsleitung.<br \/>\n<u>6. Pers\u00f6nliche Daten und Privatsph\u00e4re <\/u> Der Kunde versichert alle pers\u00f6nlichen Daten und Informationen, die relevant f\u00fcr die professionelle Behandlung der geforderten Dienstleistung sind, Nailboxx weiterzugeben. Diese Daten werden auf der Kundenkarteikarte in schriftlicher oder elektronischer Form gespeichert. Das Studio bzw. der Nailboxx verpflichtet sich, diese Daten nur f\u00fcr den Zweck der zu erbringenden Dienstleistung unter Ber\u00fccksichtigung der Datenschutzklauseln einzusetzen \u00a0und die Daten nicht an Dritte oder au\u00dfen stehende Personen weiterzugeben ohne schriftliche Einwilligung des Kunden.<br \/>\n<u>7. Vertraulichkeit<\/u> Das Nagelstudio, seine Angestellten und die Gesch\u00e4ftsleitung sind verpflichtet, alle Informationen, die w\u00e4hrend der Behandlung oder dem Service besprochen wurden, geheim zu halten und vertraulich zu behandeln. Informationen werden als vertraulich eingestuft, wenn der Kunde dies zum Ausdruck bringt, bzw. wenn dies aus dem Inhalt der Informationen zu folgern ist. Die Vertraulichkeit wird au\u00dfer Kraft gesetzt, wenn dies von Rechtswegen entschieden wird und das Nagelstudio von der Vertraulichkeitsklausel entbunden wird.<br \/>\n<u>8. Haftung <\/u> Das Nagelstudio, seine Angestellten und die Gesch\u00e4ftsleitung k\u00f6nnen keine Haftung \u00fcbernehmen, wenn der Kunde durch eine Dienstleistung zu Schaden kommt, die auf vom Kunden gelieferten Informationen beruht und sich diese als unzureichend herausstellen. Dies bezieht sich vor allen Dingen, aber nicht ausschlie\u00dflich, auf physische Bedingungen, medizinische oder medikament\u00f6se Vorraussetzungen oder Aktivit\u00e4ten au\u00dferhalb des Studios. Das Nagelstudio ist nicht verantwortlich f\u00fcr den Verlust oder die Zerst\u00f6rung pers\u00f6nlichen Gegenst\u00e4nden und von Besitz des Kunden die (der) mit in das Studio gebracht wurden (wurde).<br \/>\n<u>9. Garantie <\/u> Auf den vom Nagelstudio geleisteten Service und auf die verkauften Produkte erh\u00e4lt der Kunde eine Garantie von 14 Tagen. Diese Garantie verf\u00e4llt wenn: \u25cf Der Kunde die Modellage von einem anderen Nagelstudio oder Nail Designer behandeln oder auff\u00fcllen l\u00e4sst. \u25cf Der Kunde ohne Gebrauch von Handschuhen mit Chemikalien in Ber\u00fchrung kommt oder damit arbeitet. \u25cf Der Kunde die Modellage unsachgem\u00e4\u00df entfernt. \u25cf Der Kunde andere als die vom Nagelstudio oder Nail Designer empfohlenen Produkte verwendet, um die Modellage zu pflegen. \u25cf Der Kunde den Hinweis in Notf\u00e4llen unverz\u00fcglich medizinische Hilfe in Anspruch zu nehmen nicht nachkommt. \u25cf Der Kunde die Produkte nicht unter Einhaltung der Gebrauchshinweise anwendet. \u25cf Durch Mechanische Einwirkungen<\/p>\n<ol>\n<li><u>10. Besch\u00e4digung und Diebstahl <\/u> Das Nagelstudio hat das Recht f\u00fcr alle vom Kunden verursachten Sch\u00e4den eine Wiedergutmachung zu fordern. Ladendiebst\u00e4hle werden zur Anzeige gebracht.<br \/>\n<u>11. Beschwerden und Reklamationen<\/u> Sollte der Kunde eine Beschwerde oder eine Reklamation \u00fcber den Service, bzw. das gekauftem Produkt haben, so muss dies schnellstm\u00f6glich, sp\u00e4testens aber 3 Tage nach Erkennen des Reklamationsgrundes der Gesch\u00e4ftsleitung, bzw. dem Nail Designer gemeldet werden. Das Studio muss innerhalb der darauf folgenden 5 Arbeitstage eine akzeptable L\u00f6sung unterbreiten, um die Reklamation auszur\u00e4umen. Ist eine Reklamation berechtigt, muss das Nagelstudio die reklamierte Arbeit ohne zus\u00e4tzliche Zahlung \u00a0erneut leisten, bzw. das reklamierte Produkt ersetzen. Sollte die Reklamation nicht zur Zufriedenheit des Kunden bereinigt werden, kann dies auch von einer Schiedsstelle oder Gericht entschieden werden.<br \/>\n<u>12. Nail Art<\/u> Wenn ein Nagelstudio oder der Nail Designer Nail-Art Beispiele im Studio ver\u00f6ffentlicht, ist dies nur ein Beispiel. Selbst wenn das Design am Kunden nachgearbeitet wird, kann es zu Abweichungen bez\u00fcglich des Designs, der Form und der Wirkung des Designs kommen. Das Resultat kann von der gezeigten Vorlage abweichen. Das Urheberrecht f\u00fcr das Design verbleibt beim Studio, bzw. beim Nail Designer. Sollte der Kunde vom erstellten Design Fotographien anfertigen lassen, die f\u00fcr kommerzielle Zwecke verwendet werden sollten, bedarf dies der schriftlichen Einverst\u00e4ndniserkl\u00e4rung durch das Studio, bzw. den Nail Designer. Bei Unterlassen kann das Studio angemessene Anspr\u00fcche geltend machen.<br \/>\n<u>13. Verhaltensweisen <\/u> Der Kunde verpflichtet sich w\u00e4hrend seines Besuchs im Studio eine angemessene Verhaltensweise an den Tag zu legen. Sollte der Kunde selbst nach einer Verwarnung weiterhin nicht angemessen verhalten, hat die Gesch\u00e4ftsleitung das Recht, den Kunden aus dem Studio zu verweisen und gegebenenfalls ein Hausverbot auszusprechen.<br \/>\n<u>14. Gerichtsstand <\/u> F\u00fcr die gerichtliche Kl\u00e4rung von Unstimmigkeiten ist der Gerichtsstand Salzburg.<\/li>\n<\/ol>\n","protected":false},"excerpt":{"rendered":"<p>Allgemeine Gesch\u00e4ftsbedingungen \u00a0Nailboxx Nail &amp; Lashes Studio Martina M\u00fchlb\u00f6ck Lebenaustra\u00dfe 2 5020 Salzburg Tel: 0664 4027579 Mail: office@nailboxx.at www.nailboxx.at &nbsp; &nbsp; &nbsp; &nbsp; &nbsp; 1.Allgemeines Diese Bedingungen betreffen alle Transaktionen, Vertr\u00e4ge und Angebote, wie die Dienstleistungen und den Verkauf von Produkten, die zwischen Nailboxx und dem Kunden zustande kommen bzw. geschlossen werden. Ausnahmen von Transaktionen, [&hellip;]<\/p>\n","protected":false},"author":1,"featured_media":0,"parent":0,"menu_order":6,"comment_status":"closed","ping_status":"closed","template":"","meta":{"jetpack_post_was_ever_published":false,"footnotes":""},"class_list":["post-28","page","type-page","status-publish","hentry"],"jetpack_sharing_enabled":false,"jetpack_shortlink":"https:\/\/wp.me\/P6jblu-s","_links":{"self":[{"href":"https:\/\/www.nailboxx.at\/index.php?rest_route=\/wp\/v2\/pages\/28","targetHints":{"allow":["GET"]}}],"collection":[{"href":"https:\/\/www.nailboxx.at\/index.php?rest_route=\/wp\/v2\/pages"}],"about":[{"href":"https:\/\/www.nailboxx.at\/index.php?rest_route=\/wp\/v2\/types\/page"}],"author":[{"embeddable":true,"href":"https:\/\/www.nailboxx.at\/index.php?rest_route=\/wp\/v2\/users\/1"}],"replies":[{"embeddable":true,"href":"https:\/\/www.nailboxx.at\/index.php?rest_route=%2Fwp%2Fv2%2Fcomments&post=28"}],"version-history":[{"count":8,"href":"https:\/\/www.nailboxx.at\/index.php?rest_route=\/wp\/v2\/pages\/28\/revisions"}],"predecessor-version":[{"id":156,"href":"https:\/\/www.nailboxx.at\/index.php?rest_route=\/wp\/v2\/pages\/28\/revisions\/156"}],"wp:attachment":[{"href":"https:\/\/www.nailboxx.at\/index.php?rest_route=%2Fwp%2Fv2%2Fmedia&parent=28"}],"curies":[{"name":"wp","href":"https:\/\/api.w.org\/{rel}","templated":true}]}}