{"id":35,"date":"2015-06-07T17:11:04","date_gmt":"2015-06-07T15:11:04","guid":{"rendered":"http:\/\/www.nailboxx.at\/?page_id=35"},"modified":"2023-05-05T11:41:09","modified_gmt":"2023-05-05T09:41:09","slug":"impressum-2","status":"publish","type":"page","link":"https:\/\/www.nailboxx.at\/?page_id=35","title":{"rendered":"Impressum"},"content":{"rendered":"<p style=\"text-align: center;\"><a href=\"https:\/\/firmen.wko.at\/Web\/DetailsKontakt.aspx?FirmaID=03be1b8b-c788-422a-9ad2-ada10c1d62b3&amp;StandortID=4&amp;StandortName=Salzburg&amp;Firma=Martina+m%c3%bchlb%c3%b6ck&amp;CategoryID=0&amp;Page=1\" target=\"_blank\" rel=\"noopener\">\u00a0<\/a><\/p>\n<h4 style=\"text-align: center;\">Nailboxx Martina M\u00fchlb\u00f6ck<br \/>\nLebenaustra\u00dfe 2<br \/>\n5020 Salzburg<\/h4>\n<p style=\"text-align: center;\">Tel:0664 4027579<br \/>\noffice@nailboxx.at<br \/>\nwww.nailboxx.at<\/p>\n<p style=\"text-align: center;\">Mitglied der Wirtschaftskammer Salzburg<\/p>\n<p style=\"text-align: center;\"><img loading=\"lazy\" decoding=\"async\" class=\" wp-image-37 aligncenter\" src=\"http:\/\/www.nailboxx.at\/wp-content\/uploads\/2015\/06\/wko-300x93.jpg\" alt=\"wko\" width=\"132\" height=\"41\" srcset=\"https:\/\/www.nailboxx.at\/wp-content\/uploads\/2015\/06\/wko-300x93.jpg 300w, https:\/\/www.nailboxx.at\/wp-content\/uploads\/2015\/06\/wko.jpg 403w\" sizes=\"auto, (max-width: 132px) 100vw, 132px\" \/><\/p>\n<p style=\"text-align: center;\"><a href=\"https:\/\/firmen.wko.at\/Web\/DetailsKontakt.aspx?FirmaID=03be1b8b-c788-422a-9ad2-ada10c1d62b3&amp;StandortID=4&amp;StandortName=Salzburg&amp;Firma=Martina+m%c3%bchlb%c3%b6ck&amp;CategoryID=0&amp;Page=1\" target=\"_blank\" rel=\"noopener\">Offenlegung nach \u00a7 25 Mediengesetz<\/a><\/p>\n<h6 style=\"text-align: center;\"><a href=\"http:\/\/www.netsolution.at\" target=\"_blank\" rel=\"noopener\">Website by Netsolution.at<\/a><\/h6>\n<p style=\"text-align: center;\"><a href=\"https:\/\/firmen.wko.at\/Web\/DetailsKontakt.aspx?FirmaID=03be1b8b-c788-422a-9ad2-ada10c1d62b3&amp;StandortID=4&amp;StandortName=Salzburg&amp;Firma=Martina+m%c3%bchlb%c3%b6ck&amp;CategoryID=0&amp;Page=1\" target=\"_blank\" rel=\"noopener\"><strong>Datenschutz:<\/strong><\/a><\/p>\n<h5><strong>Haftungshinweis: <\/strong> trotz sorgf\u00e4ltiger inhaltlicher Kontrolle, \u00fcbernehmen wir keine Haftung f\u00fcr die Inhalte externer Links. F\u00fcr den Inhalt der verlinkten Seiten, sind ausschlie\u00dflich deren Betreiber verantwortlich.<\/h5>\n<h5><strong>Grunds\u00e4tzliches:<\/strong> Bei uns sind Ihre Daten sicher. Dank SSL-Verschl\u00fcsselung, Firewall-Systemen und restriktiver Zugangsrechte und mehrfach einprogrammierten Zugangssicherungen, sind unbefugte Zugriffe auf vertrauliche Daten ausgeschlossen. Selbstverst\u00e4ndlich geben wir auch keine Informationen an Dritte zu Werbezwecken oder \u00c4hnlichem weiter. Au\u00dferdem sind personenbezogene Daten auf unseren Servern mit Internetanschluss nicht zu finden. Nur Daten, die nach unserem Sicherheitskonzept notwendig sind, sind abgesichert und SSL \u2013 verschl\u00fcsselt gespeichert.<\/h5>\n<p><strong>Google Analytics<\/strong><\/p>\n<h5>Diese Website benutzt Google Analytics, einen Webanalysedienst der Google Inc. (\u201cGoogle\u201c) Google Analytics verwendet sog. \u201cCookies\u201c, Textdateien, die auf Ihrem Computer gespeichert werden und die eine Analyse der Benutzung der Website durch Sie erm\u00f6glicht. Die durch den Cookie erzeugten Informationen \u00fcber Ihre Benutzung diese Website (einschlie\u00dflich Ihrer IP-Adresse) wird an einen Server von Google in den USA \u00fcbertragen und dort gespeichert. Google wird diese Informationen benutzen, um Ihre Nutzung der Website auszuwerten, um Reports \u00fcber die Websiteaktivit\u00e4ten f\u00fcr die Websitebetreiber zusammenzustellen und um weitere mit der Websitenutzung und der Internetnutzung verbundene Dienstleistungen zu erbringen. Auch wird Google diese Informationen gegebenenfalls an Dritte \u00fcbertragen, sofern dies gesetzlich vorgeschrieben oder soweit Dritte diese Daten im Auftrag von Google verarbeiten. Google wird in keinem Fall Ihre IP-Adresse mit anderen Daten in Google in Verbindung bringen. Sie k\u00f6nnen die Installation der Cookies durch eine entsprechende Einstellung Ihrer Browser Software verhindern; wir weisen Sie jedoch darauf hin, dass Sie in diesem Fall gegebenenfalls nicht s\u00e4mtliche Funktionen dieser Website voll umf\u00e4nglich nutzen k\u00f6nnen. Durch die Nutzung dieser Website erkl\u00e4ren Sie sich mit der Bearbeitung der \u00fcber Sie erhobenen Daten durch Google in der zuvor beschriebenen Art und Weise und zu dem zuvor benannten Zweck einverstanden.<\/h5>\n<p><strong>Verwendung von Facebook-Plugins<\/strong><\/p>\n<h5>Wir haben in unsere Internetpr\u00e4senz sogenannte Plugins des sozialen Netzwerkes facebook.com (nachfolgend \u201eFacebook\u201c) integriert. Facebook ist ein Unternehmen der Facebook Inc., 1601 S. California Ave, Palo Alto, CA 94304, USA. Eine Auflistung und das Aussehen dieser Plugins von Facebook kann unter der nachfolgenden Internetadresse eingesehen werden: http:\/\/developers.facebook.com\/ Bei jedem Aufruf einer Webseite unserer Internetpr\u00e4senz, die mit einem solchen Plugin versehen ist, veranlasst das Plugin, dass der von Ihnen verwendete Browser die optische Darstellung des Plugins vom Facebook-Server l\u00e4dt und darstellt. Dabei wird dem Facebook-Server mitgeteilt, welche bestimmte Webseite unserer Internetpr\u00e4senz Sie gerade besuchen. Wenn Sie Mitglied bei Facebook und w\u00e4hrend des Besuchs unserer Internetpr\u00e4senz bei Facebook eingeloggt sind, erkennt Facebook durch die von dem Plugin gesendete Information, welche bestimmte Webseite unserer Internetpr\u00e4senz Sie gerade besuchen und weist dies Ihrem pers\u00f6nlichen Benutzerkonto auf Facebook zu. Bet\u00e4tigen Sie nun eines der Plugins, beispielsweise durch Anklicken des \u201eGef\u00e4llt mir\u201c-Buttons oder durch die Abgabe eines Kommentares, wird dies an Ihr pers\u00f6nliches Benutzerkonto auf Facebook gesendet und dort gespeichert. Zudem wird die Information, dass Sie unsere Internetpr\u00e4senz besucht haben, an Facebook \u00fcbermittelt, unabh\u00e4ngig davon, ob Sie eines der Plugins bet\u00e4tigen oder nicht. Um das \u00dcbermitteln und Speichern von Daten \u00fcber Sie und Ihr Surfverhalten durch Facebook zu verhindern, m\u00fcssen Sie sich bei Facebook ausloggen, bevor Sie unsere Internetpr\u00e4senz besuchen. Um die Datenerhebung und -weitergabe Ihrer Besucherdaten durch Facebook-Plugins f\u00fcr die Zukunft zu blocken, k\u00f6nnen Sie f\u00fcr einige Internetbrowser unter nachfolgendem Link ein Browser-Add-On von \u201eFacebook Blocker\u201c beziehen, bitte l\u00f6schen Sie das Browser-Add-On nicht, solange Sie die Facebook-Plugins blocken m\u00f6chten: http:\/\/webgraph.com\/resources\/facebookblocker\/ Unter der nachstehenden Internetadresse finden Sie die Datenschutzhinweise von Facebook mit n\u00e4heren Informationen zur Erhebung und Nutzung von Daten durch Facebook, zu Ihren diesbez\u00fcglichen Rechten sowie zu den Einstellungsm\u00f6glichkeiten zum Schutz Ihrer Privatsph\u00e4re: http:\/\/www.facebook.com\/policy.php<\/h5>\n<p>V<strong>erwendung der Google \u201e+1\u201c-Schaltfl\u00e4che<\/strong><\/p>\n<h5>Wir verwenden auf unserer Webseite die \u201e+1\u201c-Schaltfl\u00e4che des sozialen Netzwerkes Google+ (Google Plus) der Google Inc., 1600 Amphitheatre Parkway, Mountain View, Kalifornien, 94043 USA, (nachfolgend \u201eGoogle\u201c). Bei jedem Aufruf einer Webseite unserer Internetpr\u00e4senz, die mit einer \u201e+1\u201c-Schaltfl\u00e4che versehen ist, veranlasst die \u201e+1\u201c-Schaltfl\u00e4che, dass der von Ihnen verwendete Browser die optische Darstellung der \u201e+1\u201c-Schaltfl\u00e4che vom Google-Server l\u00e4dt und darstellt. Dabei wird dem Google-Server mitgeteilt, welche bestimmte Webseite unserer Internetpr\u00e4senz Sie gerade besuchen. Google protokolliert Ihren Browserverlauf beim Anzeigen einer \u201e+1\u201c-Schaltfl\u00e4che f\u00fcr die Dauer von bis zu zwei Wochen zu Systemwartungs- und Fehlerbehebungszwecken. Eine weitergehende Auswertung Ihres Besuchs einer Bet\u00e4tigen Sie die \u201e+1\u201c-Schaltfl\u00e4che w\u00e4hrend Sie bei Google+ (Google Plus) eingeloggt sind, erfasst Google \u00fcber Ihr Google-Profil Informationen \u00fcber die von Ihnen empfohlene URL, Ihre IP-Adresse und andere browserbezogene Informationen, damit Ihre \u201e+1\u201c-Empfehlung gespeichert und \u00f6ffentlich zug\u00e4nglich gemacht werden kann. Ihre \u201e+1\u201c-Empfehlungen k\u00f6nnen als Hinweise zusammen mit Ihrem Profilnamen und Ihrem Foto in Google-Diensten, wie etwa in Suchergebnissen oder in Ihrem Google-Profil (als \u201e+1\u201c-Tab in Ihrem Google-Profil), oder an anderen Stellen auf Webseiten und Anzeigen im Internet eingeblendet werden. Unter der nachstehenden Internetadresse finden Sie die Datenschutzhinweise von Google zur \u201e+1\u201c-Schaltfl\u00e4che mit n\u00e4heren Informationen zur Erfassung, Weitergabe und Nutzung von Daten durch Google, zu Ihren diesbez\u00fcglichen Rechten sowie zu Ihren Profileinstellungsm\u00f6glichkeiten: https:\/\/www.google.com\/intl\/de\/+\/policy\/+1button.html<\/h5>\n<h5><strong>Pers\u00f6nliche Daten:<\/strong> im Normalfall k\u00f6nnen Sie unsere Internetseiten aufrufen, ohne irgendwelche Angaben \u00fcber Ihre Person zu machen, um sich zu informieren. Wir halten fest, von welchen Domains unsere Besucher kommen. Wir werten diese Daten auch aus, um Trends zu erkennen und Statistiken aufzustellen, aber danach l\u00f6schen wir die Daten wieder. Wenn Sie uns anrufen, gestatten Sie uns bitte, Ihnen ein paar Fragen zu stellen, die Sie uns beantworten m\u00fcssen, wenn Sie mit uns in eine wie immer geartete Gesch\u00e4ftsbeziehung treten wollen.<\/h5>\n<h5><strong>Datenschutz <\/strong>von Linkangeboten auf unseren Seiten: unsere Website enth\u00e4lt Links zu anderen Internetangeboten. Wir sind nicht verantwortlich f\u00fcr die Datenschutzbestimmungen oder den Inhalt dieser Seiten, auch dann nicht, wenn diese nach der Linkssetzung ver\u00e4ndert wurden.<\/h5>\n<h5>Wir distanzieren uns hier gleich gegen alle Inhalte menschenverachtender, pornografischer Darstellung, gegen jede Form von Gewalt gegen Menschen und Tiere und der Umwelt, und anderen, uns nicht in den Sinn kommenden Darstellungen, die gegen die guten Sitten und den Regeln von Anstand, Ethik und Selbstachtung versto\u00dfen.<\/h5>\n<h5><strong>Welche Daten werden erfasst:<\/strong> bei jeder Aufgabe einer internen An- und Abfrage wird Ihre aktuelle IP-Nummer zusammen mit der aktuellen Uhrzeit, dem Datum und der von Ihnen durchgef\u00fchrten Aktion von uns gespeichert. <strong> Die Daten werden nicht zur Erstellung von Besucherprofilen oder dergleichen genutzt<\/strong>. Sie k\u00f6nnen jedoch auf Anordnung eines ordentlichen Gerichts, bei Aufforderung durch eine Ermittlungsbeh\u00f6rde oder zu Beweiszwecken genutzt und offen gelegt werden.(Datenvorratshaltungsgesetz) Wir halten auch Ihre Zugriffe auf die besonderen Seiten fest, auf denen Sie \u00c4nderungsrechte besitzen. Wir machen dies deshalb, um Komplikationen bei der Erstellung dieser Seiten durch Sie, von vorneweg ausschlie\u00dfen zu k\u00f6nnen. Sie haben so die Sicherheit, dass die f\u00fcr Sie erreichbaren Seiten immer die Bedingungen erf\u00fcllen, die notwendig sind, die Schnelligkeit im Internet zu haben, die geboten und geeignet ist, Sie und Ihre Besucherdaten vor Dritten Unbefugten sicher zu verbergen.<\/h5>\n<h5><strong>Informationen an Dritte:<\/strong> in Ausnahmef\u00e4llen kann es m\u00f6glich sein, dass wir Ihre Daten an Dritte weitergeben. In diesem Fall sorgen wir daf\u00fcr, dass \u2013 wenn dies ein au\u00dfenstehendes\u00a0 Unternehmen ist -, auch dieses Unternehmen genauso verantwortungsvoll und vertraulich mit Ihren Daten umgeht, wie wir auch. Auf Anordnung eines ordentlichen Gerichts, bei Aufforderung durch eine Ermittlungsbeh\u00f6rde oder zu Beweiszwecken (z.B. bei Versto\u00df gegen unsere AGB und weiteren Sondervereinbarungen), k\u00f6nnen die bei uns gespeicherten Daten und Informationen im Rahmen der geltenden Gesetze genutzt und gegen\u00fcber Dritten offen gelegt werden, sofern dies erforderlich ist.<\/h5>\n<h4>Wichtig: <strong> Ihre Daten werden niemals und unter keinen Umst\u00e4nden an Dritte weitergegeben<\/strong>, sofern dies nicht wie oben erl\u00e4utert notwendig ist. <strong> Keinesfalls verkaufen wir Ihre Daten<\/strong>, geben sie zu Werbezwecken weiter oder nutzen sie \u00fcber das erforderliche Mindestma\u00df hinaus.<\/h4>\n","protected":false},"excerpt":{"rendered":"<p>\u00a0 Nailboxx Martina M\u00fchlb\u00f6ck Lebenaustra\u00dfe 2 5020 Salzburg Tel:0664 4027579 office@nailboxx.at www.nailboxx.at Mitglied der Wirtschaftskammer Salzburg Offenlegung nach \u00a7 25 Mediengesetz Website by Netsolution.at Datenschutz: Haftungshinweis: trotz sorgf\u00e4ltiger inhaltlicher Kontrolle, \u00fcbernehmen wir keine Haftung f\u00fcr die Inhalte externer Links. F\u00fcr den Inhalt der verlinkten Seiten, sind ausschlie\u00dflich deren Betreiber verantwortlich. Grunds\u00e4tzliches: Bei uns sind Ihre [&hellip;]<\/p>\n","protected":false},"author":1,"featured_media":0,"parent":0,"menu_order":5,"comment_status":"closed","ping_status":"closed","template":"","meta":{"jetpack_post_was_ever_published":false,"footnotes":""},"class_list":["post-35","page","type-page","status-publish","hentry"],"jetpack_sharing_enabled":true,"jetpack_shortlink":"https:\/\/wp.me\/P6jblu-z","_links":{"self":[{"href":"https:\/\/www.nailboxx.at\/index.php?rest_route=\/wp\/v2\/pages\/35","targetHints":{"allow":["GET"]}}],"collection":[{"href":"https:\/\/www.nailboxx.at\/index.php?rest_route=\/wp\/v2\/pages"}],"about":[{"href":"https:\/\/www.nailboxx.at\/index.php?rest_route=\/wp\/v2\/types\/page"}],"author":[{"embeddable":true,"href":"https:\/\/www.nailboxx.at\/index.php?rest_route=\/wp\/v2\/users\/1"}],"replies":[{"embeddable":true,"href":"https:\/\/www.nailboxx.at\/index.php?rest_route=%2Fwp%2Fv2%2Fcomments&post=35"}],"version-history":[{"count":8,"href":"https:\/\/www.nailboxx.at\/index.php?rest_route=\/wp\/v2\/pages\/35\/revisions"}],"predecessor-version":[{"id":155,"href":"https:\/\/www.nailboxx.at\/index.php?rest_route=\/wp\/v2\/pages\/35\/revisions\/155"}],"wp:attachment":[{"href":"https:\/\/www.nailboxx.at\/index.php?rest_route=%2Fwp%2Fv2%2Fmedia&parent=35"}],"curies":[{"name":"wp","href":"https:\/\/api.w.org\/{rel}","templated":true}]}}