{"id":67,"date":"2015-06-11T12:10:21","date_gmt":"2015-06-11T10:10:21","guid":{"rendered":"http:\/\/www.nailboxx.at\/?page_id=67"},"modified":"2023-05-05T11:43:09","modified_gmt":"2023-05-05T09:43:09","slug":"termine","status":"publish","type":"page","link":"https:\/\/www.nailboxx.at\/?page_id=67","title":{"rendered":"Termine"},"content":{"rendered":"<h4 style=\"text-align: left;\">Termine sind nur nach telefonischer Vereinbarung m\u00f6glich!<\/h4>\n<p>&nbsp;<\/p>\n<p><strong>Martina M\u00fchlb\u00f6ck<br \/>\n<\/strong><\/p>\n<p style=\"text-align: justify;\"><a href=\"http:\/\/www.nailboxx.at\/wp-content\/uploads\/2015\/06\/1157487_10200400634246204_484564926_n.jpg-oh1b1c68345faa108e2aa6d69ab752957coe5634BA7C.jpg\"><img loading=\"lazy\" decoding=\"async\" class=\" wp-image-68 alignleft\" src=\"http:\/\/www.nailboxx.at\/wp-content\/uploads\/2015\/06\/1157487_10200400634246204_484564926_n.jpg-oh1b1c68345faa108e2aa6d69ab752957coe5634BA7C-300x300.jpg\" alt=\"1157487_10200400634246204_484564926_n.jpg-oh=1b1c68345faa108e2aa6d69ab752957c&amp;oe=5634BA7C\" width=\"134\" height=\"134\" srcset=\"https:\/\/www.nailboxx.at\/wp-content\/uploads\/2015\/06\/1157487_10200400634246204_484564926_n.jpg-oh1b1c68345faa108e2aa6d69ab752957coe5634BA7C-300x300.jpg 300w, https:\/\/www.nailboxx.at\/wp-content\/uploads\/2015\/06\/1157487_10200400634246204_484564926_n.jpg-oh1b1c68345faa108e2aa6d69ab752957coe5634BA7C-150x150.jpg 150w, https:\/\/www.nailboxx.at\/wp-content\/uploads\/2015\/06\/1157487_10200400634246204_484564926_n.jpg-oh1b1c68345faa108e2aa6d69ab752957coe5634BA7C.jpg 855w\" sizes=\"auto, (max-width: 134px) 100vw, 134px\" \/><\/a><\/p>\n<p>&nbsp;<\/p>\n<p>&nbsp;<\/p>\n<p>&nbsp;<\/p>\n<p>&nbsp;<\/p>\n<p>Tel:<strong>0664 4027579<\/strong><br \/>\nMail: office@nailboxx.at<\/p>\n<p>&nbsp;<\/p>\n<p>&nbsp;<\/p>\n","protected":false},"excerpt":{"rendered":"<p>Termine sind nur nach telefonischer Vereinbarung m\u00f6glich! &nbsp; Martina M\u00fchlb\u00f6ck &nbsp; &nbsp; &nbsp; &nbsp; Tel:0664 4027579 Mail: office@nailboxx.at &nbsp; &nbsp;<\/p>\n","protected":false},"author":1,"featured_media":0,"parent":0,"menu_order":3,"comment_status":"closed","ping_status":"closed","template":"","meta":{"jetpack_post_was_ever_published":false,"footnotes":""},"class_list":["post-67","page","type-page","status-publish","hentry"],"jetpack_sharing_enabled":true,"jetpack_shortlink":"https:\/\/wp.me\/P6jblu-15","_links":{"self":[{"href":"https:\/\/www.nailboxx.at\/index.php?rest_route=\/wp\/v2\/pages\/67","targetHints":{"allow":["GET"]}}],"collection":[{"href":"https:\/\/www.nailboxx.at\/index.php?rest_route=\/wp\/v2\/pages"}],"about":[{"href":"https:\/\/www.nailboxx.at\/index.php?rest_route=\/wp\/v2\/types\/page"}],"author":[{"embeddable":true,"href":"https:\/\/www.nailboxx.at\/index.php?rest_route=\/wp\/v2\/users\/1"}],"replies":[{"embeddable":true,"href":"https:\/\/www.nailboxx.at\/index.php?rest_route=%2Fwp%2Fv2%2Fcomments&post=67"}],"version-history":[{"count":10,"href":"https:\/\/www.nailboxx.at\/index.php?rest_route=\/wp\/v2\/pages\/67\/revisions"}],"predecessor-version":[{"id":157,"href":"https:\/\/www.nailboxx.at\/index.php?rest_route=\/wp\/v2\/pages\/67\/revisions\/157"}],"wp:attachment":[{"href":"https:\/\/www.nailboxx.at\/index.php?rest_route=%2Fwp%2Fv2%2Fmedia&parent=67"}],"curies":[{"name":"wp","href":"https:\/\/api.w.org\/{rel}","templated":true}]}}